{"id":763,"date":"2018-08-29T20:40:46","date_gmt":"2018-08-29T23:40:46","guid":{"rendered":"https:\/\/isfd49-bue.infd.edu.ar\/sitio\/ubicacion\/"},"modified":"2021-07-12T19:35:24","modified_gmt":"2021-07-12T22:35:24","slug":"ubicacion","status":"publish","type":"page","link":"https:\/\/isfd49-bue.infd.edu.ar\/sitio\/ubicacion\/","title":{"rendered":"Ubicaci\u00f3n"},"content":{"rendered":"<p><span style=\"font-size: 10pt;\"><span style=\"font-family: book antiqua,palatino;\"><span style=\"font-family: verdana, geneva; font-size: 12pt;\"><strong>Sede 1 (sede central): <\/strong>c<\/span><\/span><\/span><span style=\"font-size: 12pt; font-family: verdana, geneva;\">alle 119 esquina Alcides Villano (calle 10)<br \/>\n<\/span><span style=\"font-size: 12pt; font-family: verdana, geneva;\">\u00c1rea administrativa, la biblioteca y\u00a0algunas carreras<br \/>\n<\/span><span style=\"font-size: 12pt; font-family: verdana, geneva;\">Dos turnos: tarde (13:00 a 17:40) y vespertino (17:40 a 22:00)<br \/>\n<\/span><span style=\"font-size: 12pt; font-family: verdana, geneva;\"><strong>Sede 2<\/strong>: Av. San Mart\u00edn esquina Av. Las Heras<br \/>\n<\/span><span style=\"font-size: 12pt; font-family: verdana, geneva;\"><strong>Sede 3<\/strong>: Av. S\u00e1enz Pe\u00f1a esquina Pasaje Sarmiento<\/span><\/p>\n<p><span style=\"font-family: book antiqua,palatino;\"><span style=\"font-size: 10pt;\">\u00a0<\/span><\/span><\/p>\n<p>&nbsp;<\/p>\n<p><span style=\"font-family: book antiqua,palatino;\"><span style=\"font-size: 10pt;\">\u00a0<\/span><\/span><\/p>\n<p>&nbsp;<\/p>\n<p>&nbsp;<\/p>\n","protected":false},"excerpt":{"rendered":"<p>Sede 1 (sede central): calle 119 esquina Alcides Villano (calle 10) \u00c1rea administrativa, la biblioteca y\u00a0algunas carreras Dos turnos: tarde (13:00 a 17:40) y vespertino (17:40 a 22:00) Sede 2: Av. San Mart\u00edn esquina Av. Las Heras Sede 3: Av. S\u00e1enz Pe\u00f1a esquina Pasaje Sarmiento \u00a0 &nbsp; \u00a0 &nbsp; &nbsp;<\/p>\n","protected":false},"author":532,"featured_media":0,"parent":0,"menu_order":0,"comment_status":"closed","ping_status":"closed","template":"","meta":[],"acf":[],"_links":{"self":[{"href":"https:\/\/isfd49-bue.infd.edu.ar\/sitio\/wp-json\/wp\/v2\/pages\/763"}],"collection":[{"href":"https:\/\/isfd49-bue.infd.edu.ar\/sitio\/wp-json\/wp\/v2\/pages"}],"about":[{"href":"https:\/\/isfd49-bue.infd.edu.ar\/sitio\/wp-json\/wp\/v2\/types\/page"}],"author":[{"embeddable":true,"href":"https:\/\/isfd49-bue.infd.edu.ar\/sitio\/wp-json\/wp\/v2\/users\/532"}],"replies":[{"embeddable":true,"href":"https:\/\/isfd49-bue.infd.edu.ar\/sitio\/wp-json\/wp\/v2\/comments?post=763"}],"version-history":[{"count":2,"href":"https:\/\/isfd49-bue.infd.edu.ar\/sitio\/wp-json\/wp\/v2\/pages\/763\/revisions"}],"predecessor-version":[{"id":828,"href":"https:\/\/isfd49-bue.infd.edu.ar\/sitio\/wp-json\/wp\/v2\/pages\/763\/revisions\/828"}],"wp:attachment":[{"href":"https:\/\/isfd49-bue.infd.edu.ar\/sitio\/wp-json\/wp\/v2\/media?parent=763"}],"curies":[{"name":"wp","href":"https:\/\/api.w.org\/{rel}","templated":true}]}}