{"id":760,"date":"2018-08-29T20:40:44","date_gmt":"2018-08-29T23:40:44","guid":{"rendered":"https:\/\/isfd49-bue.infd.edu.ar\/sitio\/autoridades\/"},"modified":"2021-07-12T14:52:42","modified_gmt":"2021-07-12T17:52:42","slug":"autoridades","status":"publish","type":"page","link":"https:\/\/isfd49-bue.infd.edu.ar\/sitio\/autoridades\/","title":{"rendered":"Autoridades"},"content":{"rendered":"<p>Directora: <strong>Sonia Saavedra<\/strong><br \/>\nVicedirector: <strong>C\u00e9sar Gomez<\/strong><br \/>\nRegentes: <strong>Mar\u00eda In\u00e9s Molteni<\/strong> y <strong>Vanesa Mart\u00edn<\/strong><\/p>\n<p>&nbsp;<\/p>\n","protected":false},"excerpt":{"rendered":"<p>Directora: Sonia Saavedra Vicedirector: C\u00e9sar Gomez Regentes: Mar\u00eda In\u00e9s Molteni y Vanesa Mart\u00edn &nbsp;<\/p>\n","protected":false},"author":532,"featured_media":0,"parent":0,"menu_order":0,"comment_status":"closed","ping_status":"closed","template":"","meta":[],"acf":[],"_links":{"self":[{"href":"https:\/\/isfd49-bue.infd.edu.ar\/sitio\/wp-json\/wp\/v2\/pages\/760"}],"collection":[{"href":"https:\/\/isfd49-bue.infd.edu.ar\/sitio\/wp-json\/wp\/v2\/pages"}],"about":[{"href":"https:\/\/isfd49-bue.infd.edu.ar\/sitio\/wp-json\/wp\/v2\/types\/page"}],"author":[{"embeddable":true,"href":"https:\/\/isfd49-bue.infd.edu.ar\/sitio\/wp-json\/wp\/v2\/users\/532"}],"replies":[{"embeddable":true,"href":"https:\/\/isfd49-bue.infd.edu.ar\/sitio\/wp-json\/wp\/v2\/comments?post=760"}],"version-history":[{"count":3,"href":"https:\/\/isfd49-bue.infd.edu.ar\/sitio\/wp-json\/wp\/v2\/pages\/760\/revisions"}],"predecessor-version":[{"id":819,"href":"https:\/\/isfd49-bue.infd.edu.ar\/sitio\/wp-json\/wp\/v2\/pages\/760\/revisions\/819"}],"wp:attachment":[{"href":"https:\/\/isfd49-bue.infd.edu.ar\/sitio\/wp-json\/wp\/v2\/media?parent=760"}],"curies":[{"name":"wp","href":"https:\/\/api.w.org\/{rel}","templated":true}]}}