{"id":742,"date":"2018-08-29T20:40:32","date_gmt":"2018-08-29T23:40:32","guid":{"rendered":"https:\/\/isfd49-bue.infd.edu.ar\/sitio\/profesorado-en-letras\/"},"modified":"2021-08-02T19:57:30","modified_gmt":"2021-08-02T22:57:30","slug":"profesorado-en-letras","status":"publish","type":"page","link":"https:\/\/isfd49-bue.infd.edu.ar\/sitio\/profesorado-en-letras\/","title":{"rendered":"ESTUDIANTES"},"content":{"rendered":"<p><strong><a href=\"https:\/\/drive.google.com\/file\/d\/1rYjQDRNZCLgC_Y-p5bdZkS0gxzU5xejI\/view?usp=sharing\">Protocolo de Pr\u00e1cticas<\/a><br \/><\/strong><\/p>\n<p><strong>Protocolo de Finales<br \/><\/strong><em>\u00bfC\u00d3MO ME ORGANIZO PARA RENDIR EX\u00c1MEN?<\/em><\/p>\n<p>\u2022 Una vez realizada la inscripci\u00f3n v\u00eda mail, deben confirmar con el Profesor de cada Materia que se van a presentar a Examen enviando un mail (al correo que figura del docente, que figura en el cronograma de mesas). Tienen tiempo, de confirmar, que se presentan a examen hasta 48 horas antes del mismo (corridas no h\u00e1biles). Una vez enviado, se espera la confirmaci\u00f3n de recibido del profesor- (en el caso de no recibir respuesta, verificar si la direcci\u00f3n de correo est\u00e1 bien escrita)<br \/>\u2022 A trav\u00e9s de ese medio adem\u00e1s coordinar\u00e1n con cada Prof. las condiciones en las cuales se llevar\u00e1 a cabo el Examen.<br \/>\u2022 Canal de comunicaci\u00f3n: plataforma google Meet o alguna funci\u00f3n de videollamada o sala de Whatsapp. En caso de que no funcione un canal, se intentar\u00e1 continuar la mesa hasta agostar canales posibles.<br \/>\u2022 Modalidad: sincr\u00f3nica o asincr\u00f3nica, oral o escrita, etc, seg\u00fan la que acuerden con \u00e9l o la docente.<br \/>\u2022 En mesa de examen rinden los contenidos explicitados en el Curriculum Prioritario trabajado durante el a\u00f1o, que previamente cada Prof. les entreg\u00f3, para el caso de los alumnos que cursaron en el 2020.<br \/>\u2022 Duraci\u00f3n aproximada del examen 20 minutos.<br \/>\u2022 Una vez acordado el canal de comunicaci\u00f3n, el d\u00eda de la mesa deben estar disponibles desde el inicio de la misma hasta el momento que se concrete el examen. Para ello se puede optar, por ejemplo, por un grupo de WhatsApp o un meet con todos los inscriptos antes de iniciar.<br \/>\u2022 El\/la estudiante debe garantizar la conectividad y sus condiciones para rendir el final (internet, bater\u00eda en el dispositivo, c\u00e1mara y micr\u00f3fono que funcione, etc.).<br \/>\u2022 En el caso eventual, que luego de haber confirmado la presencia en el examen, deciden no rendirlo, por favor informarlo.<br \/>\u2022 En el d\u00eda de la mesa en su inicio se plantear\u00e1 el desdoblamiento en caso de ser necesario (cantidad de estudiantes, tiempos, etc.)<br \/>\u2022 El examen debe iniciar y desarrollarse con un docente titular y otro vocal de la mesa de examen, pudiendo negarse a rendir el\/la estudiante de faltar alguno de los\/as miembros.<\/p>\n<p><strong>\u00a0<\/strong><\/p>\n\n\n<p><\/p>\n","protected":false},"excerpt":{"rendered":"<p>Protocolo de Pr\u00e1cticas Protocolo de Finales\u00bfC\u00d3MO ME ORGANIZO PARA RENDIR EX\u00c1MEN? \u2022 Una vez realizada la inscripci\u00f3n v\u00eda mail, deben confirmar con el Profesor de cada Materia que se van a presentar a Examen enviando un mail (al correo que figura del docente, que figura en el cronograma de mesas). Tienen tiempo, de confirmar, que &#8230; <a title=\"ESTUDIANTES\" class=\"read-more\" href=\"https:\/\/isfd49-bue.infd.edu.ar\/sitio\/profesorado-en-letras\/\" aria-label=\"More on ESTUDIANTES\">[+]<\/a><\/p>\n","protected":false},"author":532,"featured_media":0,"parent":0,"menu_order":0,"comment_status":"closed","ping_status":"closed","template":"","meta":[],"acf":[],"_links":{"self":[{"href":"https:\/\/isfd49-bue.infd.edu.ar\/sitio\/wp-json\/wp\/v2\/pages\/742"}],"collection":[{"href":"https:\/\/isfd49-bue.infd.edu.ar\/sitio\/wp-json\/wp\/v2\/pages"}],"about":[{"href":"https:\/\/isfd49-bue.infd.edu.ar\/sitio\/wp-json\/wp\/v2\/types\/page"}],"author":[{"embeddable":true,"href":"https:\/\/isfd49-bue.infd.edu.ar\/sitio\/wp-json\/wp\/v2\/users\/532"}],"replies":[{"embeddable":true,"href":"https:\/\/isfd49-bue.infd.edu.ar\/sitio\/wp-json\/wp\/v2\/comments?post=742"}],"version-history":[{"count":2,"href":"https:\/\/isfd49-bue.infd.edu.ar\/sitio\/wp-json\/wp\/v2\/pages\/742\/revisions"}],"predecessor-version":[{"id":853,"href":"https:\/\/isfd49-bue.infd.edu.ar\/sitio\/wp-json\/wp\/v2\/pages\/742\/revisions\/853"}],"wp:attachment":[{"href":"https:\/\/isfd49-bue.infd.edu.ar\/sitio\/wp-json\/wp\/v2\/media?parent=742"}],"curies":[{"name":"wp","href":"https:\/\/api.w.org\/{rel}","templated":true}]}}